{"id":801,"date":"2022-12-29T14:36:57","date_gmt":"2022-12-29T13:36:57","guid":{"rendered":"https:\/\/physio-karlshorst.de\/frontpage\/"},"modified":"2022-12-29T14:37:42","modified_gmt":"2022-12-29T13:37:42","slug":"frontpage","status":"publish","type":"page","link":"https:\/\/physio-karlshorst.de\/en_gb\/frontpage\/","title":{"rendered":"frontpage"},"content":{"rendered":"<div id=\"cs-content\" class=\"cs-content\"><\/div>","protected":false},"excerpt":{"rendered":"<p>Kooperationen mit &Auml;rzten Egal ob Ihr Arzt Ihnen im Vorfeld zu einer Therapie geraten hat oder ob Sie im Anschluss der Behandlung einen Arzt konsultieren m&ouml;chten &#8211; wir halten f&uuml;r Sie den direkten Draht um f&uuml;r Ihre Gesundheit den gr&ouml;&szlig;tm&ouml;glichen Nutzen zu garantieren.30 Jahre in Karlshorst Ganze drei Jahrzehnte ist die Praxis f&uuml;r Physiotherapie Schr&ouml;ter ein starker Partner in Sachen &#8230; <\/p>\n<div><a href=\"https:\/\/physio-karlshorst.de\/en_gb\/frontpage\/\" class=\"more-link\">Read More<\/a><\/div>","protected":false},"author":1,"featured_media":0,"parent":0,"menu_order":0,"comment_status":"closed","ping_status":"closed","template":"template-blank-4.php","meta":{"_acf_changed":false,"footnotes":""},"class_list":["post-801","page","type-page","status-publish","hentry","no-post-thumbnail"],"acf":[],"yoast_head":"<!-- This site is optimized with the Yoast SEO plugin v27.2 - https:\/\/yoast.com\/product\/yoast-seo-wordpress\/ -->\n<title>frontpage | Physiotherapie Schr\u00f6ter<\/title>\n<meta name=\"description\" content=\"Die Praxis f\u00fcr Physiotherapie Schr\u00f6ter - ein starker Partner f\u00fcr Ihre Gesundheit im Prinzenviertel in Berlin-Karlshorst!\" \/>\n<meta name=\"robots\" content=\"index, follow, max-snippet:-1, max-image-preview:large, max-video-preview:-1\" \/>\n<link rel=\"canonical\" href=\"https:\/\/physio-karlshorst.de\/en_gb\/frontpage\/\" \/>\n<meta property=\"og:locale\" content=\"en_GB\" \/>\n<meta property=\"og:type\" content=\"article\" \/>\n<meta property=\"og:title\" content=\"frontpage | Physiotherapie Schr\u00f6ter\" \/>\n<meta property=\"og:description\" content=\"Die Praxis f\u00fcr Physiotherapie Schr\u00f6ter - ein starker Partner f\u00fcr Ihre Gesundheit im Prinzenviertel in Berlin-Karlshorst!\" \/>\n<meta property=\"og:url\" content=\"https:\/\/physio-karlshorst.de\/en_gb\/frontpage\/\" \/>\n<meta property=\"og:site_name\" content=\"Physiotherapie Schr\u00f6ter\" \/>\n<meta property=\"article:modified_time\" content=\"2022-12-29T13:37:42+00:00\" \/>\n<meta property=\"og:image\" content=\"https:\/\/physio-karlshorst.de\/wordpress\/wp-content\/uploads\/2022\/10\/placeholder.png\" \/>\n\t<meta property=\"og:image:width\" content=\"436\" \/>\n\t<meta property=\"og:image:height\" content=\"167\" \/>\n\t<meta property=\"og:image:type\" content=\"image\/png\" \/>\n<meta name=\"twitter:card\" content=\"summary_large_image\" \/>\n<meta name=\"twitter:label1\" content=\"Estimated reading time\" \/>\n\t<meta name=\"twitter:data1\" content=\"4 minutes\" \/>\n<script type=\"application\/ld+json\" class=\"yoast-schema-graph\">{\"@context\":\"https:\/\/schema.org\",\"@graph\":[{\"@type\":\"WebPage\",\"@id\":\"https:\/\/physio-karlshorst.de\/frontpage\/\",\"url\":\"https:\/\/physio-karlshorst.de\/frontpage\/\",\"name\":\"frontpage | Physiotherapie Schr\u00f6ter\",\"isPartOf\":{\"@id\":\"https:\/\/physio-karlshorst.de\/#website\"},\"datePublished\":\"2022-12-29T13:36:57+00:00\",\"dateModified\":\"2022-12-29T13:37:42+00:00\",\"description\":\"Die Praxis f\u00fcr Physiotherapie Schr\u00f6ter - ein starker Partner f\u00fcr Ihre Gesundheit im Prinzenviertel in Berlin-Karlshorst!\",\"breadcrumb\":{\"@id\":\"https:\/\/physio-karlshorst.de\/frontpage\/#breadcrumb\"},\"inLanguage\":\"en-GB\",\"potentialAction\":[{\"@type\":\"ReadAction\",\"target\":[\"https:\/\/physio-karlshorst.de\/frontpage\/\"]}]},{\"@type\":\"BreadcrumbList\",\"@id\":\"https:\/\/physio-karlshorst.de\/frontpage\/#breadcrumb\",\"itemListElement\":[{\"@type\":\"ListItem\",\"position\":1,\"name\":\"Startseite\",\"item\":\"https:\/\/physio-karlshorst.de\/\"},{\"@type\":\"ListItem\",\"position\":2,\"name\":\"frontpage\"}]},{\"@type\":\"WebSite\",\"@id\":\"https:\/\/physio-karlshorst.de\/#website\",\"url\":\"https:\/\/physio-karlshorst.de\/\",\"name\":\"Physiotherapie Schr\u00f6ter\",\"description\":\"Berlin-Karlshorst\",\"publisher\":{\"@id\":\"https:\/\/physio-karlshorst.de\/#organization\"},\"alternateName\":\"Praxis Schr\u00f6ter\",\"potentialAction\":[{\"@type\":\"SearchAction\",\"target\":{\"@type\":\"EntryPoint\",\"urlTemplate\":\"https:\/\/physio-karlshorst.de\/?s={search_term_string}\"},\"query-input\":{\"@type\":\"PropertyValueSpecification\",\"valueRequired\":true,\"valueName\":\"search_term_string\"}}],\"inLanguage\":\"en-GB\"},{\"@type\":\"Organization\",\"@id\":\"https:\/\/physio-karlshorst.de\/#organization\",\"name\":\"Praxis f\u00fcr Physiotherapie Schr\u00f6ter\",\"alternateName\":\"Physiotherapiepraxis Schr\u00f6ter\",\"url\":\"https:\/\/physio-karlshorst.de\/\",\"logo\":{\"@type\":\"ImageObject\",\"inLanguage\":\"en-GB\",\"@id\":\"https:\/\/physio-karlshorst.de\/#\/schema\/logo\/image\/\",\"url\":\"https:\/\/i0.wp.com\/physio-karlshorst.de\/wordpress\/wp-content\/uploads\/2022\/10\/placeholder.png?fit=436%2C167&ssl=1\",\"contentUrl\":\"https:\/\/i0.wp.com\/physio-karlshorst.de\/wordpress\/wp-content\/uploads\/2022\/10\/placeholder.png?fit=436%2C167&ssl=1\",\"width\":436,\"height\":167,\"caption\":\"Praxis f\u00fcr Physiotherapie Schr\u00f6ter\"},\"image\":{\"@id\":\"https:\/\/physio-karlshorst.de\/#\/schema\/logo\/image\/\"}}]}<\/script>\n<!-- \/ Yoast SEO plugin. -->","yoast_head_json":{"title":"frontpage | Physiotherapie Schr\u00f6ter","description":"Die Praxis f\u00fcr Physiotherapie Schr\u00f6ter - ein starker Partner f\u00fcr Ihre Gesundheit im Prinzenviertel in Berlin-Karlshorst!","robots":{"index":"index","follow":"follow","max-snippet":"max-snippet:-1","max-image-preview":"max-image-preview:large","max-video-preview":"max-video-preview:-1"},"canonical":"https:\/\/physio-karlshorst.de\/en_gb\/frontpage\/","og_locale":"en_GB","og_type":"article","og_title":"frontpage | Physiotherapie Schr\u00f6ter","og_description":"Die Praxis f\u00fcr Physiotherapie Schr\u00f6ter - ein starker Partner f\u00fcr Ihre Gesundheit im Prinzenviertel in Berlin-Karlshorst!","og_url":"https:\/\/physio-karlshorst.de\/en_gb\/frontpage\/","og_site_name":"Physiotherapie Schr\u00f6ter","article_modified_time":"2022-12-29T13:37:42+00:00","og_image":[{"width":436,"height":167,"url":"https:\/\/physio-karlshorst.de\/wordpress\/wp-content\/uploads\/2022\/10\/placeholder.png","type":"image\/png"}],"twitter_card":"summary_large_image","twitter_misc":{"Estimated reading time":"4 minutes"},"schema":{"@context":"https:\/\/schema.org","@graph":[{"@type":"WebPage","@id":"https:\/\/physio-karlshorst.de\/frontpage\/","url":"https:\/\/physio-karlshorst.de\/frontpage\/","name":"frontpage | Physiotherapie Schr\u00f6ter","isPartOf":{"@id":"https:\/\/physio-karlshorst.de\/#website"},"datePublished":"2022-12-29T13:36:57+00:00","dateModified":"2022-12-29T13:37:42+00:00","description":"Die Praxis f\u00fcr Physiotherapie Schr\u00f6ter - ein starker Partner f\u00fcr Ihre Gesundheit im Prinzenviertel in Berlin-Karlshorst!","breadcrumb":{"@id":"https:\/\/physio-karlshorst.de\/frontpage\/#breadcrumb"},"inLanguage":"en-GB","potentialAction":[{"@type":"ReadAction","target":["https:\/\/physio-karlshorst.de\/frontpage\/"]}]},{"@type":"BreadcrumbList","@id":"https:\/\/physio-karlshorst.de\/frontpage\/#breadcrumb","itemListElement":[{"@type":"ListItem","position":1,"name":"Startseite","item":"https:\/\/physio-karlshorst.de\/"},{"@type":"ListItem","position":2,"name":"frontpage"}]},{"@type":"WebSite","@id":"https:\/\/physio-karlshorst.de\/#website","url":"https:\/\/physio-karlshorst.de\/","name":"Physical Therapy Schr\u00f6ter","description":"Berlin-Karlshorst","publisher":{"@id":"https:\/\/physio-karlshorst.de\/#organization"},"alternateName":"Praxis Schr\u00f6ter","potentialAction":[{"@type":"SearchAction","target":{"@type":"EntryPoint","urlTemplate":"https:\/\/physio-karlshorst.de\/?s={search_term_string}"},"query-input":{"@type":"PropertyValueSpecification","valueRequired":true,"valueName":"search_term_string"}}],"inLanguage":"en-GB"},{"@type":"Organization","@id":"https:\/\/physio-karlshorst.de\/#organization","name":"Praxis f\u00fcr Physiotherapie Schr\u00f6ter","alternateName":"Physiotherapiepraxis Schr\u00f6ter","url":"https:\/\/physio-karlshorst.de\/","logo":{"@type":"ImageObject","inLanguage":"en-GB","@id":"https:\/\/physio-karlshorst.de\/#\/schema\/logo\/image\/","url":"https:\/\/i0.wp.com\/physio-karlshorst.de\/wordpress\/wp-content\/uploads\/2022\/10\/placeholder.png?fit=436%2C167&ssl=1","contentUrl":"https:\/\/i0.wp.com\/physio-karlshorst.de\/wordpress\/wp-content\/uploads\/2022\/10\/placeholder.png?fit=436%2C167&ssl=1","width":436,"height":167,"caption":"Praxis f\u00fcr Physiotherapie Schr\u00f6ter"},"image":{"@id":"https:\/\/physio-karlshorst.de\/#\/schema\/logo\/image\/"}}]}},"_links":{"self":[{"href":"https:\/\/physio-karlshorst.de\/en_gb\/wp-json\/wp\/v2\/pages\/801","targetHints":{"allow":["GET"]}}],"collection":[{"href":"https:\/\/physio-karlshorst.de\/en_gb\/wp-json\/wp\/v2\/pages"}],"about":[{"href":"https:\/\/physio-karlshorst.de\/en_gb\/wp-json\/wp\/v2\/types\/page"}],"author":[{"embeddable":true,"href":"https:\/\/physio-karlshorst.de\/en_gb\/wp-json\/wp\/v2\/users\/1"}],"replies":[{"embeddable":true,"href":"https:\/\/physio-karlshorst.de\/en_gb\/wp-json\/wp\/v2\/comments?post=801"}],"version-history":[{"count":2,"href":"https:\/\/physio-karlshorst.de\/en_gb\/wp-json\/wp\/v2\/pages\/801\/revisions"}],"predecessor-version":[{"id":803,"href":"https:\/\/physio-karlshorst.de\/en_gb\/wp-json\/wp\/v2\/pages\/801\/revisions\/803"}],"wp:attachment":[{"href":"https:\/\/physio-karlshorst.de\/en_gb\/wp-json\/wp\/v2\/media?parent=801"}],"curies":[{"name":"wp","href":"https:\/\/api.w.org\/{rel}","templated":true}]}}