{"id":189,"date":"2019-12-08T13:01:38","date_gmt":"2019-12-08T13:01:38","guid":{"rendered":"http:\/\/512134600.swh.strato-hosting.eu\/wordpress\/services"},"modified":"2023-06-14T18:10:02","modified_gmt":"2023-06-14T17:10:02","slug":"leistungen","status":"publish","type":"page","link":"https:\/\/physio-karlshorst.de\/en_gb\/leistungen\/","title":{"rendered":"Services"},"content":{"rendered":"<div id=\"cs-content\" class=\"cs-content\"><\/div>","protected":false},"excerpt":{"rendered":"<p>Behandlungen Manuelle Therapie (MT) Die manuelle Therapie ist eine Form der physikalischen Therapie, bei der die Weichteile und Gelenke des K\u00f6rpers durch praktische Techniken manipuliert werden. Sie wird eingesetzt, um Schmerzen zu lindern, den Bewegungsumfang zu verbessern und die Funktion wiederherzustellen.Krankengymnastik (KG) Die Krankengymnastik ist eine Form der Physiotherapie, bei der \u00dcbungen zur Verbesserung von Kraft, Beweglichkeit und Koordination eingesetzt &#8230; <\/p>\n<div><a href=\"https:\/\/physio-karlshorst.de\/en_gb\/leistungen\/\" class=\"more-link\">Read More<\/a><\/div>","protected":false},"author":1,"featured_media":0,"parent":0,"menu_order":0,"comment_status":"closed","ping_status":"closed","template":"template-blank-1.php","meta":{"_acf_changed":false,"footnotes":""},"class_list":["post-189","page","type-page","status-publish","hentry","no-post-thumbnail"],"acf":[],"yoast_head":"<!-- This site is optimized with the Yoast SEO plugin v27.2 - https:\/\/yoast.com\/product\/yoast-seo-wordpress\/ -->\n<title>Leistungen | Physiotherapie Schr\u00f6ter | Berlin-Karlshorst<\/title>\n<meta name=\"description\" content=\"Leistungs\u00fcbersicht der Praxis f\u00fcr Physiotherapie Schr\u00f6ter - Manuelle Therapie, Krankengymnastik, Massage, Lymphdrainage, uvm. in Karlshorst.\" \/>\n<meta name=\"robots\" content=\"index, follow, max-snippet:-1, max-image-preview:large, max-video-preview:-1\" \/>\n<link rel=\"canonical\" href=\"https:\/\/physio-karlshorst.de\/en_gb\/leistungen\/\" \/>\n<meta property=\"og:locale\" content=\"en_GB\" \/>\n<meta property=\"og:type\" content=\"article\" \/>\n<meta property=\"og:title\" content=\"Leistungen | Physiotherapie Schr\u00f6ter | Berlin-Karlshorst\" \/>\n<meta property=\"og:description\" content=\"Leistungs\u00fcbersicht der Praxis f\u00fcr Physiotherapie Schr\u00f6ter - Manuelle Therapie, Krankengymnastik, Massage, Lymphdrainage, uvm. in Karlshorst.\" \/>\n<meta property=\"og:url\" content=\"https:\/\/physio-karlshorst.de\/en_gb\/leistungen\/\" \/>\n<meta property=\"og:site_name\" content=\"Physiotherapie Schr\u00f6ter\" \/>\n<meta property=\"article:modified_time\" content=\"2023-06-14T17:10:02+00:00\" \/>\n<meta property=\"og:image\" content=\"https:\/\/physio-karlshorst.de\/wordpress\/wp-content\/uploads\/2022\/10\/placeholder.png\" \/>\n\t<meta property=\"og:image:width\" content=\"436\" \/>\n\t<meta property=\"og:image:height\" content=\"167\" \/>\n\t<meta property=\"og:image:type\" content=\"image\/png\" \/>\n<meta name=\"twitter:card\" content=\"summary_large_image\" \/>\n<meta name=\"twitter:label1\" content=\"Estimated reading time\" \/>\n\t<meta name=\"twitter:data1\" content=\"5 minutes\" \/>\n<script type=\"application\/ld+json\" class=\"yoast-schema-graph\">{\"@context\":\"https:\/\/schema.org\",\"@graph\":[{\"@type\":\"WebPage\",\"@id\":\"https:\/\/physio-karlshorst.de\/leistungen\/\",\"url\":\"https:\/\/physio-karlshorst.de\/leistungen\/\",\"name\":\"Leistungen | Physiotherapie Schr\u00f6ter | Berlin-Karlshorst\",\"isPartOf\":{\"@id\":\"https:\/\/physio-karlshorst.de\/#website\"},\"datePublished\":\"2019-12-08T13:01:38+00:00\",\"dateModified\":\"2023-06-14T17:10:02+00:00\",\"description\":\"Leistungs\u00fcbersicht der Praxis f\u00fcr Physiotherapie Schr\u00f6ter - Manuelle Therapie, Krankengymnastik, Massage, Lymphdrainage, uvm. in Karlshorst.\",\"breadcrumb\":{\"@id\":\"https:\/\/physio-karlshorst.de\/leistungen\/#breadcrumb\"},\"inLanguage\":\"en-GB\",\"potentialAction\":[{\"@type\":\"ReadAction\",\"target\":[\"https:\/\/physio-karlshorst.de\/leistungen\/\"]}]},{\"@type\":\"BreadcrumbList\",\"@id\":\"https:\/\/physio-karlshorst.de\/leistungen\/#breadcrumb\",\"itemListElement\":[{\"@type\":\"ListItem\",\"position\":1,\"name\":\"Startseite\",\"item\":\"https:\/\/physio-karlshorst.de\/\"},{\"@type\":\"ListItem\",\"position\":2,\"name\":\"Leistungen\"}]},{\"@type\":\"WebSite\",\"@id\":\"https:\/\/physio-karlshorst.de\/#website\",\"url\":\"https:\/\/physio-karlshorst.de\/\",\"name\":\"Physiotherapie Schr\u00f6ter\",\"description\":\"Berlin-Karlshorst\",\"publisher\":{\"@id\":\"https:\/\/physio-karlshorst.de\/#organization\"},\"alternateName\":\"Praxis Schr\u00f6ter\",\"potentialAction\":[{\"@type\":\"SearchAction\",\"target\":{\"@type\":\"EntryPoint\",\"urlTemplate\":\"https:\/\/physio-karlshorst.de\/?s={search_term_string}\"},\"query-input\":{\"@type\":\"PropertyValueSpecification\",\"valueRequired\":true,\"valueName\":\"search_term_string\"}}],\"inLanguage\":\"en-GB\"},{\"@type\":\"Organization\",\"@id\":\"https:\/\/physio-karlshorst.de\/#organization\",\"name\":\"Praxis f\u00fcr Physiotherapie Schr\u00f6ter\",\"alternateName\":\"Physiotherapiepraxis Schr\u00f6ter\",\"url\":\"https:\/\/physio-karlshorst.de\/\",\"logo\":{\"@type\":\"ImageObject\",\"inLanguage\":\"en-GB\",\"@id\":\"https:\/\/physio-karlshorst.de\/#\/schema\/logo\/image\/\",\"url\":\"https:\/\/i0.wp.com\/physio-karlshorst.de\/wordpress\/wp-content\/uploads\/2022\/10\/placeholder.png?fit=436%2C167&ssl=1\",\"contentUrl\":\"https:\/\/i0.wp.com\/physio-karlshorst.de\/wordpress\/wp-content\/uploads\/2022\/10\/placeholder.png?fit=436%2C167&ssl=1\",\"width\":436,\"height\":167,\"caption\":\"Praxis f\u00fcr Physiotherapie Schr\u00f6ter\"},\"image\":{\"@id\":\"https:\/\/physio-karlshorst.de\/#\/schema\/logo\/image\/\"}}]}<\/script>\n<!-- \/ Yoast SEO plugin. -->","yoast_head_json":{"title":"Leistungen | Physiotherapie Schr\u00f6ter | Berlin-Karlshorst","description":"Leistungs\u00fcbersicht der Praxis f\u00fcr Physiotherapie Schr\u00f6ter - Manuelle Therapie, Krankengymnastik, Massage, Lymphdrainage, uvm. in Karlshorst.","robots":{"index":"index","follow":"follow","max-snippet":"max-snippet:-1","max-image-preview":"max-image-preview:large","max-video-preview":"max-video-preview:-1"},"canonical":"https:\/\/physio-karlshorst.de\/en_gb\/leistungen\/","og_locale":"en_GB","og_type":"article","og_title":"Leistungen | Physiotherapie Schr\u00f6ter | Berlin-Karlshorst","og_description":"Leistungs\u00fcbersicht der Praxis f\u00fcr Physiotherapie Schr\u00f6ter - Manuelle Therapie, Krankengymnastik, Massage, Lymphdrainage, uvm. in Karlshorst.","og_url":"https:\/\/physio-karlshorst.de\/en_gb\/leistungen\/","og_site_name":"Physiotherapie Schr\u00f6ter","article_modified_time":"2023-06-14T17:10:02+00:00","og_image":[{"width":436,"height":167,"url":"https:\/\/physio-karlshorst.de\/wordpress\/wp-content\/uploads\/2022\/10\/placeholder.png","type":"image\/png"}],"twitter_card":"summary_large_image","twitter_misc":{"Estimated reading time":"5 minutes"},"schema":{"@context":"https:\/\/schema.org","@graph":[{"@type":"WebPage","@id":"https:\/\/physio-karlshorst.de\/leistungen\/","url":"https:\/\/physio-karlshorst.de\/leistungen\/","name":"Leistungen | Physiotherapie Schr\u00f6ter | Berlin-Karlshorst","isPartOf":{"@id":"https:\/\/physio-karlshorst.de\/#website"},"datePublished":"2019-12-08T13:01:38+00:00","dateModified":"2023-06-14T17:10:02+00:00","description":"Leistungs\u00fcbersicht der Praxis f\u00fcr Physiotherapie Schr\u00f6ter - Manuelle Therapie, Krankengymnastik, Massage, Lymphdrainage, uvm. in Karlshorst.","breadcrumb":{"@id":"https:\/\/physio-karlshorst.de\/leistungen\/#breadcrumb"},"inLanguage":"en-GB","potentialAction":[{"@type":"ReadAction","target":["https:\/\/physio-karlshorst.de\/leistungen\/"]}]},{"@type":"BreadcrumbList","@id":"https:\/\/physio-karlshorst.de\/leistungen\/#breadcrumb","itemListElement":[{"@type":"ListItem","position":1,"name":"Startseite","item":"https:\/\/physio-karlshorst.de\/"},{"@type":"ListItem","position":2,"name":"Leistungen"}]},{"@type":"WebSite","@id":"https:\/\/physio-karlshorst.de\/#website","url":"https:\/\/physio-karlshorst.de\/","name":"Physical Therapy Schr\u00f6ter","description":"Berlin-Karlshorst","publisher":{"@id":"https:\/\/physio-karlshorst.de\/#organization"},"alternateName":"Praxis Schr\u00f6ter","potentialAction":[{"@type":"SearchAction","target":{"@type":"EntryPoint","urlTemplate":"https:\/\/physio-karlshorst.de\/?s={search_term_string}"},"query-input":{"@type":"PropertyValueSpecification","valueRequired":true,"valueName":"search_term_string"}}],"inLanguage":"en-GB"},{"@type":"Organization","@id":"https:\/\/physio-karlshorst.de\/#organization","name":"Praxis f\u00fcr Physiotherapie Schr\u00f6ter","alternateName":"Physiotherapiepraxis Schr\u00f6ter","url":"https:\/\/physio-karlshorst.de\/","logo":{"@type":"ImageObject","inLanguage":"en-GB","@id":"https:\/\/physio-karlshorst.de\/#\/schema\/logo\/image\/","url":"https:\/\/i0.wp.com\/physio-karlshorst.de\/wordpress\/wp-content\/uploads\/2022\/10\/placeholder.png?fit=436%2C167&ssl=1","contentUrl":"https:\/\/i0.wp.com\/physio-karlshorst.de\/wordpress\/wp-content\/uploads\/2022\/10\/placeholder.png?fit=436%2C167&ssl=1","width":436,"height":167,"caption":"Praxis f\u00fcr Physiotherapie Schr\u00f6ter"},"image":{"@id":"https:\/\/physio-karlshorst.de\/#\/schema\/logo\/image\/"}}]}},"_links":{"self":[{"href":"https:\/\/physio-karlshorst.de\/en_gb\/wp-json\/wp\/v2\/pages\/189","targetHints":{"allow":["GET"]}}],"collection":[{"href":"https:\/\/physio-karlshorst.de\/en_gb\/wp-json\/wp\/v2\/pages"}],"about":[{"href":"https:\/\/physio-karlshorst.de\/en_gb\/wp-json\/wp\/v2\/types\/page"}],"author":[{"embeddable":true,"href":"https:\/\/physio-karlshorst.de\/en_gb\/wp-json\/wp\/v2\/users\/1"}],"replies":[{"embeddable":true,"href":"https:\/\/physio-karlshorst.de\/en_gb\/wp-json\/wp\/v2\/comments?post=189"}],"version-history":[{"count":30,"href":"https:\/\/physio-karlshorst.de\/en_gb\/wp-json\/wp\/v2\/pages\/189\/revisions"}],"predecessor-version":[{"id":843,"href":"https:\/\/physio-karlshorst.de\/en_gb\/wp-json\/wp\/v2\/pages\/189\/revisions\/843"}],"wp:attachment":[{"href":"https:\/\/physio-karlshorst.de\/en_gb\/wp-json\/wp\/v2\/media?parent=189"}],"curies":[{"name":"wp","href":"https:\/\/api.w.org\/{rel}","templated":true}]}}