{"id":187,"date":"2019-12-07T19:54:40","date_gmt":"2019-12-07T18:54:40","guid":{"rendered":"http:\/\/512134600.swh.strato-hosting.eu\/wordpress\/faq"},"modified":"2022-12-28T16:15:50","modified_gmt":"2022-12-28T15:15:50","slug":"faq","status":"publish","type":"page","link":"https:\/\/physio-karlshorst.de\/en_gb\/faq\/","title":{"rendered":"Frequently Asked Questions"},"content":{"rendered":"<div id=\"cs-content\" class=\"cs-content\"><\/div>","protected":false},"excerpt":{"rendered":"<p>F.A.Q.H&auml;ufig gestellte Fragen Praxis Gesprochene SprachenIn unserer Praxis behandeln wir sowohl in Deutsch als auch in Englisch. Sollten Sie eine Behandlung in Englischer Sprache w\u00fcnschen, teilen Sie uns dies bitte bei der Terminvergabe mit.BegleitpersonenGerne k\u00f6nnen Sie eine Vertrauensperson zur Behandlung in unserer Praxis begleiten. Hierzu ben\u00f6tigt es keiner gro\u00dfen Erkl\u00e4rung Ihrer Beweggr\u00fcnde.Termine TerminvergabeTermine k\u00f6nnen Sie online \u00fcber unser Kontaktformular oder &#8230; <\/p>\n<div><a href=\"https:\/\/physio-karlshorst.de\/en_gb\/faq\/\" class=\"more-link\">Read More<\/a><\/div>","protected":false},"author":1,"featured_media":0,"parent":0,"menu_order":0,"comment_status":"closed","ping_status":"closed","template":"template-blank-1.php","meta":{"_acf_changed":false,"footnotes":""},"class_list":["post-187","page","type-page","status-publish","hentry","no-post-thumbnail"],"acf":[],"yoast_head":"<!-- This site is optimized with the Yoast SEO plugin v27.2 - https:\/\/yoast.com\/product\/yoast-seo-wordpress\/ -->\n<title>Fragen &amp; Antworten | Physiotherapie Schr\u00f6ter | Berlin-Karlshorst<\/title>\n<meta name=\"description\" content=\"Fragen und Antworten rund um Ihre Behandlung in der Praxis f\u00fcr Physiotherapie Schr\u00f6ter im Prinzenviertel in Berlin-Karlshorst!\" \/>\n<meta name=\"robots\" content=\"index, follow, max-snippet:-1, max-image-preview:large, max-video-preview:-1\" \/>\n<link rel=\"canonical\" href=\"https:\/\/physio-karlshorst.de\/en_gb\/faq\/\" \/>\n<meta property=\"og:locale\" content=\"en_GB\" \/>\n<meta property=\"og:type\" content=\"article\" \/>\n<meta property=\"og:title\" content=\"Fragen &amp; Antworten | Physiotherapie Schr\u00f6ter | Berlin-Karlshorst\" \/>\n<meta property=\"og:description\" content=\"Fragen und Antworten rund um Ihre Behandlung in der Praxis f\u00fcr Physiotherapie Schr\u00f6ter im Prinzenviertel in Berlin-Karlshorst!\" \/>\n<meta property=\"og:url\" content=\"https:\/\/physio-karlshorst.de\/en_gb\/faq\/\" \/>\n<meta property=\"og:site_name\" content=\"Physiotherapie Schr\u00f6ter\" \/>\n<meta property=\"article:modified_time\" content=\"2022-12-28T15:15:50+00:00\" \/>\n<meta property=\"og:image\" content=\"https:\/\/physio-karlshorst.de\/wordpress\/wp-content\/uploads\/2022\/11\/bd_kortlogodk_64px_63704db45b39c.png\" \/>\n<meta name=\"twitter:card\" content=\"summary_large_image\" \/>\n<meta name=\"twitter:label1\" content=\"Estimated reading time\" \/>\n\t<meta name=\"twitter:data1\" content=\"2 minutes\" \/>\n<script type=\"application\/ld+json\" class=\"yoast-schema-graph\">{\"@context\":\"https:\/\/schema.org\",\"@graph\":[{\"@type\":\"WebPage\",\"@id\":\"https:\/\/physio-karlshorst.de\/faq\/\",\"url\":\"https:\/\/physio-karlshorst.de\/faq\/\",\"name\":\"Fragen & Antworten | Physiotherapie Schr\u00f6ter | Berlin-Karlshorst\",\"isPartOf\":{\"@id\":\"https:\/\/physio-karlshorst.de\/#website\"},\"primaryImageOfPage\":{\"@id\":\"https:\/\/physio-karlshorst.de\/faq\/#primaryimage\"},\"image\":{\"@id\":\"https:\/\/physio-karlshorst.de\/faq\/#primaryimage\"},\"thumbnailUrl\":\"https:\/\/physio-karlshorst.de\/wordpress\/wp-content\/uploads\/2022\/11\/bd_kortlogodk_64px_63704db45b39c.png\",\"datePublished\":\"2019-12-07T18:54:40+00:00\",\"dateModified\":\"2022-12-28T15:15:50+00:00\",\"description\":\"Fragen und Antworten rund um Ihre Behandlung in der Praxis f\u00fcr Physiotherapie Schr\u00f6ter im Prinzenviertel in Berlin-Karlshorst!\",\"breadcrumb\":{\"@id\":\"https:\/\/physio-karlshorst.de\/faq\/#breadcrumb\"},\"inLanguage\":\"en-GB\",\"potentialAction\":[{\"@type\":\"ReadAction\",\"target\":[\"https:\/\/physio-karlshorst.de\/faq\/\"]}]},{\"@type\":\"ImageObject\",\"inLanguage\":\"en-GB\",\"@id\":\"https:\/\/physio-karlshorst.de\/faq\/#primaryimage\",\"url\":\"https:\/\/physio-karlshorst.de\/wordpress\/wp-content\/uploads\/2022\/11\/bd_kortlogodk_64px_63704db45b39c.png\",\"contentUrl\":\"https:\/\/physio-karlshorst.de\/wordpress\/wp-content\/uploads\/2022\/11\/bd_kortlogodk_64px_63704db45b39c.png\"},{\"@type\":\"BreadcrumbList\",\"@id\":\"https:\/\/physio-karlshorst.de\/faq\/#breadcrumb\",\"itemListElement\":[{\"@type\":\"ListItem\",\"position\":1,\"name\":\"Startseite\",\"item\":\"https:\/\/physio-karlshorst.de\/\"},{\"@type\":\"ListItem\",\"position\":2,\"name\":\"Frequently Asked Questions\"}]},{\"@type\":\"WebSite\",\"@id\":\"https:\/\/physio-karlshorst.de\/#website\",\"url\":\"https:\/\/physio-karlshorst.de\/\",\"name\":\"Physiotherapie Schr\u00f6ter\",\"description\":\"Berlin-Karlshorst\",\"publisher\":{\"@id\":\"https:\/\/physio-karlshorst.de\/#organization\"},\"alternateName\":\"Praxis Schr\u00f6ter\",\"potentialAction\":[{\"@type\":\"SearchAction\",\"target\":{\"@type\":\"EntryPoint\",\"urlTemplate\":\"https:\/\/physio-karlshorst.de\/?s={search_term_string}\"},\"query-input\":{\"@type\":\"PropertyValueSpecification\",\"valueRequired\":true,\"valueName\":\"search_term_string\"}}],\"inLanguage\":\"en-GB\"},{\"@type\":\"Organization\",\"@id\":\"https:\/\/physio-karlshorst.de\/#organization\",\"name\":\"Praxis f\u00fcr Physiotherapie Schr\u00f6ter\",\"alternateName\":\"Physiotherapiepraxis Schr\u00f6ter\",\"url\":\"https:\/\/physio-karlshorst.de\/\",\"logo\":{\"@type\":\"ImageObject\",\"inLanguage\":\"en-GB\",\"@id\":\"https:\/\/physio-karlshorst.de\/#\/schema\/logo\/image\/\",\"url\":\"https:\/\/i0.wp.com\/physio-karlshorst.de\/wordpress\/wp-content\/uploads\/2022\/10\/placeholder.png?fit=436%2C167&ssl=1\",\"contentUrl\":\"https:\/\/i0.wp.com\/physio-karlshorst.de\/wordpress\/wp-content\/uploads\/2022\/10\/placeholder.png?fit=436%2C167&ssl=1\",\"width\":436,\"height\":167,\"caption\":\"Praxis f\u00fcr Physiotherapie Schr\u00f6ter\"},\"image\":{\"@id\":\"https:\/\/physio-karlshorst.de\/#\/schema\/logo\/image\/\"}}]}<\/script>\n<!-- \/ Yoast SEO plugin. -->","yoast_head_json":{"title":"Fragen & Antworten | Physiotherapie Schr\u00f6ter | Berlin-Karlshorst","description":"Fragen und Antworten rund um Ihre Behandlung in der Praxis f\u00fcr Physiotherapie Schr\u00f6ter im Prinzenviertel in Berlin-Karlshorst!","robots":{"index":"index","follow":"follow","max-snippet":"max-snippet:-1","max-image-preview":"max-image-preview:large","max-video-preview":"max-video-preview:-1"},"canonical":"https:\/\/physio-karlshorst.de\/en_gb\/faq\/","og_locale":"en_GB","og_type":"article","og_title":"Fragen & Antworten | Physiotherapie Schr\u00f6ter | Berlin-Karlshorst","og_description":"Fragen und Antworten rund um Ihre Behandlung in der Praxis f\u00fcr Physiotherapie Schr\u00f6ter im Prinzenviertel in Berlin-Karlshorst!","og_url":"https:\/\/physio-karlshorst.de\/en_gb\/faq\/","og_site_name":"Physiotherapie Schr\u00f6ter","article_modified_time":"2022-12-28T15:15:50+00:00","og_image":[{"url":"https:\/\/physio-karlshorst.de\/wordpress\/wp-content\/uploads\/2022\/11\/bd_kortlogodk_64px_63704db45b39c.png","type":"","width":"","height":""}],"twitter_card":"summary_large_image","twitter_misc":{"Estimated reading time":"2 minutes"},"schema":{"@context":"https:\/\/schema.org","@graph":[{"@type":"WebPage","@id":"https:\/\/physio-karlshorst.de\/faq\/","url":"https:\/\/physio-karlshorst.de\/faq\/","name":"Fragen & Antworten | Physiotherapie Schr\u00f6ter | Berlin-Karlshorst","isPartOf":{"@id":"https:\/\/physio-karlshorst.de\/#website"},"primaryImageOfPage":{"@id":"https:\/\/physio-karlshorst.de\/faq\/#primaryimage"},"image":{"@id":"https:\/\/physio-karlshorst.de\/faq\/#primaryimage"},"thumbnailUrl":"https:\/\/physio-karlshorst.de\/wordpress\/wp-content\/uploads\/2022\/11\/bd_kortlogodk_64px_63704db45b39c.png","datePublished":"2019-12-07T18:54:40+00:00","dateModified":"2022-12-28T15:15:50+00:00","description":"Fragen und Antworten rund um Ihre Behandlung in der Praxis f\u00fcr Physiotherapie Schr\u00f6ter im Prinzenviertel in Berlin-Karlshorst!","breadcrumb":{"@id":"https:\/\/physio-karlshorst.de\/faq\/#breadcrumb"},"inLanguage":"en-GB","potentialAction":[{"@type":"ReadAction","target":["https:\/\/physio-karlshorst.de\/faq\/"]}]},{"@type":"ImageObject","inLanguage":"en-GB","@id":"https:\/\/physio-karlshorst.de\/faq\/#primaryimage","url":"https:\/\/physio-karlshorst.de\/wordpress\/wp-content\/uploads\/2022\/11\/bd_kortlogodk_64px_63704db45b39c.png","contentUrl":"https:\/\/physio-karlshorst.de\/wordpress\/wp-content\/uploads\/2022\/11\/bd_kortlogodk_64px_63704db45b39c.png"},{"@type":"BreadcrumbList","@id":"https:\/\/physio-karlshorst.de\/faq\/#breadcrumb","itemListElement":[{"@type":"ListItem","position":1,"name":"Startseite","item":"https:\/\/physio-karlshorst.de\/"},{"@type":"ListItem","position":2,"name":"Frequently Asked Questions"}]},{"@type":"WebSite","@id":"https:\/\/physio-karlshorst.de\/#website","url":"https:\/\/physio-karlshorst.de\/","name":"Physical Therapy Schr\u00f6ter","description":"Berlin-Karlshorst","publisher":{"@id":"https:\/\/physio-karlshorst.de\/#organization"},"alternateName":"Praxis Schr\u00f6ter","potentialAction":[{"@type":"SearchAction","target":{"@type":"EntryPoint","urlTemplate":"https:\/\/physio-karlshorst.de\/?s={search_term_string}"},"query-input":{"@type":"PropertyValueSpecification","valueRequired":true,"valueName":"search_term_string"}}],"inLanguage":"en-GB"},{"@type":"Organization","@id":"https:\/\/physio-karlshorst.de\/#organization","name":"Praxis f\u00fcr Physiotherapie Schr\u00f6ter","alternateName":"Physiotherapiepraxis Schr\u00f6ter","url":"https:\/\/physio-karlshorst.de\/","logo":{"@type":"ImageObject","inLanguage":"en-GB","@id":"https:\/\/physio-karlshorst.de\/#\/schema\/logo\/image\/","url":"https:\/\/i0.wp.com\/physio-karlshorst.de\/wordpress\/wp-content\/uploads\/2022\/10\/placeholder.png?fit=436%2C167&ssl=1","contentUrl":"https:\/\/i0.wp.com\/physio-karlshorst.de\/wordpress\/wp-content\/uploads\/2022\/10\/placeholder.png?fit=436%2C167&ssl=1","width":436,"height":167,"caption":"Praxis f\u00fcr Physiotherapie Schr\u00f6ter"},"image":{"@id":"https:\/\/physio-karlshorst.de\/#\/schema\/logo\/image\/"}}]}},"_links":{"self":[{"href":"https:\/\/physio-karlshorst.de\/en_gb\/wp-json\/wp\/v2\/pages\/187","targetHints":{"allow":["GET"]}}],"collection":[{"href":"https:\/\/physio-karlshorst.de\/en_gb\/wp-json\/wp\/v2\/pages"}],"about":[{"href":"https:\/\/physio-karlshorst.de\/en_gb\/wp-json\/wp\/v2\/types\/page"}],"author":[{"embeddable":true,"href":"https:\/\/physio-karlshorst.de\/en_gb\/wp-json\/wp\/v2\/users\/1"}],"replies":[{"embeddable":true,"href":"https:\/\/physio-karlshorst.de\/en_gb\/wp-json\/wp\/v2\/comments?post=187"}],"version-history":[{"count":29,"href":"https:\/\/physio-karlshorst.de\/en_gb\/wp-json\/wp\/v2\/pages\/187\/revisions"}],"predecessor-version":[{"id":798,"href":"https:\/\/physio-karlshorst.de\/en_gb\/wp-json\/wp\/v2\/pages\/187\/revisions\/798"}],"wp:attachment":[{"href":"https:\/\/physio-karlshorst.de\/en_gb\/wp-json\/wp\/v2\/media?parent=187"}],"curies":[{"name":"wp","href":"https:\/\/api.w.org\/{rel}","templated":true}]}}